{"id":35,"date":"2020-11-25T15:38:24","date_gmt":"2020-11-25T15:38:24","guid":{"rendered":"http:\/\/encuentro-ficcion.com.ar\/20212021wp\/?page_id=35"},"modified":"2024-07-07T19:19:38","modified_gmt":"2024-07-07T19:19:38","slug":"ponencias","status":"publish","type":"page","link":"http:\/\/encuentro-ficcion.com.ar\/2021\/?page_id=35","title":{"rendered":"Ponencias"},"content":{"rendered":"<div style=\"margin-left: 10%; margin-right: 10%;\">\n<p style=\"color: #000000; font-family: Helvetica; font-size: 1.5em; text-align: left;\">Ponencias<\/p>\n<p style=\"font-family: Helvetica; font-size: 1.2em; text-align: left;\">Clic en el titulo para acceder al texto completo.<\/p>\n<p style=\"font-family: Helvetica; font-size: 1.2em; text-align: left;\"><a href=\"http:\/\/encuentro-ficcion.com.ar\/2021\/wp-content\/uploads\/2021\/11\/Alcaraz-More-than-Make-Believe.docx\">More than Make-Believe:\u00a0on the uses of imagination in experiencing fictional artworks<\/a><\/p>\n<p style=\"font-family: Helvetica; font-size: 1em; text-align: left;\">Mar\u00eda Jose Alcaraz (U. Murcia)<\/p>\n<p>&nbsp;<\/p>\n<p style=\"font-family: Helvetica; font-size: 1.2em; text-align: left;\"><a href=\"http:\/\/encuentro-ficcion.com.ar\/2021\/wp-content\/uploads\/2021\/11\/Apcarian-Reflexiones-acerca-de-las-dinamicas-afectivas-de-la-imaginacion-y-de-la-ficcion-en-la-teoria-de-Jean-Jacques-Rousseau.docx\">Reflexiones acerca de las din\u00e1micas afectivas de la imaginaci\u00f3n y de la ficci\u00f3n en la teor\u00eda de Jean Jacques Rousseau. Hacia una cr\u00edtica de lo espectacular.<\/a><\/p>\n<p style=\"font-family: Helvetica; font-size: 1em; text-align: left;\">Juan Cruz\u00a0 Apcar\u00edan (UNCO-IPEHCS-CONICET)<\/p>\n<p>&nbsp;<\/p>\n<p style=\"font-family: Helvetica; font-size: 1.2em; text-align: left;\"><a href=\"http:\/\/encuentro-ficcion.com.ar\/2021\/wp-content\/uploads\/2021\/11\/Asencio-El-discurso-apocaliptico-como-reflejo-de-la-condicion-humana-en-Melancholia-y-Im-thinking-of-ending-things.docx\">El discurso apocal\u00edptico como reflejo de la condici\u00f3n humana en Melancholia y I\u2019m thinking of ending things<\/a><\/p>\n<p style=\"font-family: Helvetica; font-size: 1em; text-align: left;\">\u00a0Malena Asencio (UNMdP)<\/p>\n<p>&nbsp;<\/p>\n<p style=\"font-family: Helvetica; font-size: 1.2em; text-align: left;\"><a href=\"http:\/\/encuentro-ficcion.com.ar\/2021\/wp-content\/uploads\/2021\/11\/Duhalde-La-utopia-y-su-funcion-politica_-Reflexiones-acerca-de-la-importancia-de-los-imaginarios-de-futuros-posibles.docx\">La utop\u00eda y su funci\u00f3n pol\u00edtica: reflexiones acerca de la importancia de los imaginarios de futuros posibles.<\/a><\/p>\n<p style=\"font-family: Helvetica; font-size: 1em; text-align: left;\">Mart\u00edn Jos\u00e9 Duhalde (UNMdP)<\/p>\n<p>&nbsp;<\/p>\n<p style=\"font-family: Helvetica; font-size: 1.2em; text-align: left;\"><a href=\"http:\/\/encuentro-ficcion.com.ar\/2021\/wp-content\/uploads\/2021\/11\/Fuentes-Los-alcances-de-la-imaginacion-en-las-Escenas-de-Luis-Juan-Guerrero.docx\">Los alcances de la imaginaci\u00f3n en las Escenas de Luis Juan Guerrero<\/a><\/p>\n<p style=\"font-family: Helvetica; font-size: 1em; text-align: left;\">Rodrigo Fuentes (UNCo)<\/p>\n<p>&nbsp;<\/p>\n<p style=\"font-family: Helvetica; font-size: 1.2em; text-align: left;\"><a href=\"http:\/\/encuentro-ficcion.com.ar\/2021\/wp-content\/uploads\/2021\/11\/Gomez-Surgimiento-del-Concepto-de-Progreso-en-la-Modernidad.-Desde-el-debate-Lowith-Blumenberg-hasta-la-tesis-de-Koselleck.docx\">Surgimiento del Concepto de Progreso en la Modernidad: Desde el debate L\u00f6with-Blumenberg hasta la tesis de Koselleck<\/a><\/p>\n<p style=\"font-family: Helvetica; font-size: 1em; text-align: left;\">Emmanuel Emir Gomez (UNMdP)<\/p>\n<p>&nbsp;<\/p>\n<p style=\"font-family: Helvetica; font-size: 1.2em; text-align: left;\"><a href=\"http:\/\/encuentro-ficcion.com.ar\/2021\/wp-content\/uploads\/2021\/11\/Gonzalez-Novita-Metafora-e-imaginacion-en-la-interseccion-entre-filosofia-y-literatura.-Una-aproximacion-al-pensamiento-de-Paul-Ricoeur.docx\">Met\u00e1fora e imaginaci\u00f3n en la intersecci\u00f3n entre filosof\u00eda y literatura. Una aproximaci\u00f3n al pensamiento de Paul Ric\u0153ur.<\/a><\/p>\n<p style=\"font-family: Helvetica; font-size: 1em; text-align: left;\">Roc\u00edo Gonzalez Novita (IPEHCS-CONICET-UNCo)<\/p>\n<p>&nbsp;<\/p>\n<p style=\"font-family: Helvetica; font-size: 1.2em; text-align: left;\"><a href=\"http:\/\/encuentro-ficcion.com.ar\/2021\/wp-content\/uploads\/2021\/11\/Lavagnino-No-hay-una-cosa-tal-como-un-cisne-negro.-Cultura-explosion-y-figuracion-retrospectiva-de-Iuri-Lotman-a-Hayden-White_.pdf\">No hay una cosa tal como un cisne negro<\/a><\/p>\n<p style=\"font-family: Helvetica; font-size: 1em; text-align: left;\">Nicolas Lavagnino (CONICET-UBA)<\/p>\n<p>&nbsp;<\/p>\n<p style=\"font-family: Helvetica; font-size: 1.2em; text-align: left;\"><a href=\"http:\/\/encuentro-ficcion.com.ar\/2021\/wp-content\/uploads\/2021\/11\/Martinez-Cerutti-La-posicion-original-en-la-teoria-de-la-justicia_-imaginacion-ficcion-y-dimension-afectiva-en-el-razonamiento-moral.docx\">La posici\u00f3n original en la teor\u00eda de la justicia: imaginaci\u00f3n, ficci\u00f3n y dimensi\u00f3n afectiva en el razonamiento moral<\/a><\/p>\n<p style=\"font-family: Helvetica; font-size: 1em; text-align: left;\">Cesar Martinez Cerutti (UNCO)<\/p>\n<p>&nbsp;<\/p>\n<p style=\"font-family: Helvetica; font-size: 1.2em; text-align: left;\"><a href=\"http:\/\/encuentro-ficcion.com.ar\/2021\/wp-content\/uploads\/2021\/11\/Melo-Imaginacion-ficcion-y-creencia_constitucion-de-una-temporalidad-subjetiva.docx\">Imaginaci\u00f3n, ficci\u00f3n y creencia: aproximaciones a la constituci\u00f3n de una temporalidad subjetiva<\/a><\/p>\n<p style=\"font-family: Helvetica; font-size: 1em; text-align: left;\">Mercedes Melo (UNCo)<\/p>\n<p>&nbsp;<\/p>\n<p style=\"font-family: Helvetica; font-size: 1.25em; text-align: left;\"><a href=\"http:\/\/encuentro-ficcion.com.ar\/2021\/wp-content\/uploads\/2021\/11\/Murad-Lo-concebible-y-lo-real-en-la-ficcion.-Multiplicidad-temporal-e-historia-virtual.docx\">Lo concebible y lo real en la ficci\u00f3n. Multiplicidad temporal e historia virtual<\/a><\/p>\n<p style=\"font-family: Helvetica; font-size: 1em; text-align: left;\">Omar Murad (UNMDP)<\/p>\n<p>&nbsp;<\/p>\n<p style=\"font-family: Helvetica; font-size: 1.2em; text-align: left;\"><a href=\"http:\/\/encuentro-ficcion.com.ar\/2021\/wp-content\/uploads\/2021\/11\/Oulego-La-peste-como-metafora-de-la-degradacion-social-en-_Pintura-sobre-madera_-y-_El-septimo-sello_-de-Ingmar-Bergman.doc\">La peste como met\u00e1fora de la degradaci\u00f3n social en Pintura sobre madera y El s\u00e9ptimo sello de Ingmar Bergman<\/a><\/p>\n<p style=\"font-family: Helvetica; font-size: 1em; text-align: left;\">Lic. Daniela Oulego (UBA)<\/p>\n<p>&nbsp;<\/p>\n<p style=\"font-family: Helvetica; font-size: 1.2em; text-align: left;\"><a href=\"http:\/\/encuentro-ficcion.com.ar\/2021\/wp-content\/uploads\/2021\/11\/Pacheco-La-interpretacion-figural-de-los-eventos-contemporaneos-y-las-profecias-en-The-Social-Dilemma.docx\">La interpretaci\u00f3n figural de los eventos contempor\u00e1neos y las profec\u00edas en The Social Dilemma<\/a><\/p>\n<p style=\"font-family: Helvetica; font-size: 1em; text-align: left;\">Mariano Gabriel Pacheco Busch (UNMdP)<\/p>\n<p>&nbsp;<\/p>\n<p style=\"font-family: Helvetica; font-size: 1.2em; text-align: left;\"><a href=\"http:\/\/encuentro-ficcion.com.ar\/2021\/wp-content\/uploads\/2021\/11\/Sabio-La-imaginacion-y-el-diferimiento-del-mundo_-imaginacion-y-libertad-en-Ricoeur-Sartre-y-White.docx\">La imaginaci\u00f3n y el diferimiento del mundo: imaginaci\u00f3n y libertad en Sartre, Ricoeur y White<\/a><a href=\"http:\/\/encuentro-ficcion.com.ar\/20212021\/wp-content\/uploads\/11\/Sabio-La-imaginacion-y-el-diferimiento-del-mundo_-imaginacion-y-libertad-en-Ricoeur-Sartre-y-White.docx\">.<\/a><\/p>\n<p style=\"font-family: Helvetica; font-size: 1em; text-align: left;\">Tom\u00e1s Sabio (UBA)<\/p>\n<p>&nbsp;<\/p>\n<p style=\"font-family: Helvetica; font-size: 1.2em; text-align: left;\"><a href=\"http:\/\/encuentro-ficcion.com.ar\/2021\/wp-content\/uploads\/2021\/11\/Somers-Imaginacion-y-posibilidad-en-la-toma-de-decisiones-en-salud.docx\">Imaginaci\u00f3n y posibilidad en la toma de decisiones en salud<\/a><\/p>\n<p style=\"font-family: Helvetica; font-size: 1em; text-align: left;\">Mar\u00eda Eugenia Somers (UBA)<\/p>\n<p>&nbsp;<\/p>\n<p style=\"font-family: Helvetica; font-size: 1.2em; text-align: left;\"><a href=\"http:\/\/encuentro-ficcion.com.ar\/2021\/wp-content\/uploads\/2021\/11\/Taccetta-Archivo-y-ficcion_-apuntes-sobre-Malvinas-y-la-televisio.docx\">Archivo y ficci\u00f3n. Apuntes sobre Malvinas y la televisi\u00f3n<\/a><\/p>\n<p style=\"font-family: Helvetica; font-size: 1em; text-align: left;\">Natalia Taccetta (IIGG-UBA\/CONICET)<\/p>\n<p>&nbsp;<\/p>\n<p style=\"font-family: Helvetica; font-size: 1.2em; text-align: left;\"><a href=\"http:\/\/encuentro-ficcion.com.ar\/2021\/wp-content\/uploads\/2021\/11\/Urbistondo-La-temporalidad-como-iteracion-en-la-ciencia-ficcion.-Las-figuras-del-bucle-y-el-sacrificio.docx\">La temporalidad como iteraci\u00f3n en la ciencia ficci\u00f3n. Las figuras del bucle y el sacrificio.<\/a><\/p>\n<p style=\"font-family: Helvetica; font-size: 1em; text-align: left;\">Mar\u00eda Soledad Urbistondo (UNMdP)<\/p>\n<p>&nbsp;<\/p>\n<p style=\"font-family: Helvetica; font-size: 1.2em; text-align: left;\"><a href=\"http:\/\/encuentro-ficcion.com.ar\/2021\/wp-content\/uploads\/2021\/11\/Vidal-Anotaciones-sobre-la-imaginacion-pensada-como-sana-y-patologica-desde-la-filosofia-de-Paul-Ricoeur.docx\">Anotaciones sobre la imaginaci\u00f3n pensada como sana y patol\u00f3gica desde la filosof\u00eda de Paul Ricoeur<\/a><\/p>\n<p style=\"font-family: Helvetica; font-size: 1em; text-align: left;\">Juan Franco Vidal (UNCo)<\/p>\n<p style=\"font-family: Helvetica; font-size: 1em; text-align: left;\">\n<\/div>\n","protected":false},"excerpt":{"rendered":"<p>Ponencias Clic en el titulo para acceder al texto completo. More than Make-Believe:\u00a0on the uses of imagination in experiencing fictional artworks Mar\u00eda Jose Alcaraz (U. Murcia) &nbsp; Reflexiones acerca de las din\u00e1micas afectivas de la imaginaci\u00f3n y de la ficci\u00f3n en la teor\u00eda de Jean Jacques Rousseau. Hacia una cr\u00edtica de lo espectacular. Juan Cruz\u00a0 [&hellip;]<\/p>\n","protected":false},"author":1,"featured_media":0,"parent":0,"menu_order":0,"comment_status":"closed","ping_status":"closed","template":"","meta":[],"_links":{"self":[{"href":"http:\/\/encuentro-ficcion.com.ar\/2021\/index.php?rest_route=\/wp\/v2\/pages\/35"}],"collection":[{"href":"http:\/\/encuentro-ficcion.com.ar\/2021\/index.php?rest_route=\/wp\/v2\/pages"}],"about":[{"href":"http:\/\/encuentro-ficcion.com.ar\/2021\/index.php?rest_route=\/wp\/v2\/types\/page"}],"author":[{"embeddable":true,"href":"http:\/\/encuentro-ficcion.com.ar\/2021\/index.php?rest_route=\/wp\/v2\/users\/1"}],"replies":[{"embeddable":true,"href":"http:\/\/encuentro-ficcion.com.ar\/2021\/index.php?rest_route=%2Fwp%2Fv2%2Fcomments&post=35"}],"version-history":[{"count":1,"href":"http:\/\/encuentro-ficcion.com.ar\/2021\/index.php?rest_route=\/wp\/v2\/pages\/35\/revisions"}],"predecessor-version":[{"id":552,"href":"http:\/\/encuentro-ficcion.com.ar\/2021\/index.php?rest_route=\/wp\/v2\/pages\/35\/revisions\/552"}],"wp:attachment":[{"href":"http:\/\/encuentro-ficcion.com.ar\/2021\/index.php?rest_route=%2Fwp%2Fv2%2Fmedia&parent=35"}],"curies":[{"name":"wp","href":"https:\/\/api.w.org\/{rel}","templated":true}]}}