{"id":35,"date":"2020-11-25T15:38:24","date_gmt":"2020-11-25T15:38:24","guid":{"rendered":"http:\/\/encuentro-ficcion.com.ar\/20232021wp\/?page_id=35"},"modified":"2023-11-27T20:49:22","modified_gmt":"2023-11-27T20:49:22","slug":"ponencias","status":"publish","type":"page","link":"http:\/\/encuentro-ficcion.com.ar\/2023\/?page_id=35","title":{"rendered":"Ponencias"},"content":{"rendered":"\r\n\r\n\r\n<div style=\"margin-left: 10%; margin-right: 10%;\">&nbsp;<\/div>\r\n<p>&nbsp;<\/p>\r\n\r\n\r\n<p style=\"font-style: normal; font-variant-ligatures: normal; font-variant-caps: normal; font-weight: 400; font-family: ;\"><\/p><div style=\"\"><p style=\"font-size: 1.5em; font-family: Helvetica; color: rgb(0, 0, 0);\">PONENCIAS<\/p><p>&nbsp;<\/p><p style=\"font-size: 1.2em; font-family: Helvetica;color: rgb(0, 0, 0);\">Clic en el titulo para acceder al texto completo.<\/p><p>&nbsp;<\/p><p style=\"font-size: 1.2em; font-family: Helvetica;\"><a href=\"http:\/\/encuentro-ficcion.com.ar\/2023\/wp-content\/uploads\/2023\/11\/Alochis-V-Encuentro-de-investigacion-en-humanidades.pdf\">Ficciones y moral. La literatura como posibilidad para la vida democr\u00e1tica<\/a><\/p><p style=\"font-size: 1em; font-family: Helvetica;color: rgb(0, 0, 0);\">Emilio Nicol\u00e1s Alochis (UNCo)<\/p>&nbsp;<p style=\"font-size: 1.2em; font-family: Helvetica;\"><a href=\"http:\/\/encuentro-ficcion.com.ar\/2023\/wp-content\/uploads\/2023\/11\/Apcarian-Ponencia-Ficciones-V-1-3.pdf\">Imaginaci\u00f3n, ficci\u00f3n y transici\u00f3n afectiva en la filosof\u00eda de Rousseau.<\/a><\/p><p style=\"font-size: 1em; font-family: Helvetica;color: rgb(0, 0, 0);\">Juan Cruz&nbsp; Apcar\u00edan (UNCO-CONICET)<\/p>&nbsp;<\/div><p><\/p><div style=\"font-style: normal; font-variant-ligatures: normal; font-variant-caps: normal; font-weight: 400; font-size: 17.3333px; ;\"><p style=\"font-size: 1.2em; font-family: Helvetica;\"><a href=\"http:\/\/encuentro-ficcion.com.ar\/2023\/wp-content\/uploads\/2023\/11\/Duhalde.-El-papel-de-la-metafora-en-la-narrativa-prospectiva-de-Amy-Ireland-2.pdf\">El papel de la met\u00e1fora en la narrativa prospectiva de Amy Ireland: lo ominoso como horizonte de expectativa.<\/a><\/p><p style=\"font-size: 1em; font-family: Helvetica;color: rgb(0, 0, 0);\">Mart\u00edn Jos\u00e9 Duhalde (UNMdP)<\/p><p>&nbsp;<\/p><p style=\"font-size: 1.2em; font-family: Helvetica;\"><a href=\"http:\/\/encuentro-ficcion.com.ar\/2023\/wp-content\/uploads\/2023\/11\/Gomez-Diz-Ponencia-Ficciones-2023.pdf\">El documental como ficci\u00f3n: la imaginaci\u00f3n como forma de conocimiento.<\/a><\/p><p style=\"font-size: 1em; font-family: Helvetica;color: rgb(0, 0, 0);\">Pilar G\u00f3mez Diz (UBA)<\/p>&nbsp;<p style=\"font-size: 1.2em; font-family: Helvetica;\"><a href=\"http:\/\/encuentro-ficcion.com.ar\/2023\/wp-content\/uploads\/2023\/11\/Lavagnino-Epistemologia-de-la-ficcion-monetaria-a-proposito-de-Fortuna-de-Hernan-Diaz.pdf\">Epistemolog\u00eda de la ficci\u00f3n monetaria, a prop\u00f3sito de Fortuna de Hern\u00e1n D\u00edaz.<\/a><\/p><p style=\"font-size: 1em; font-family: Helvetica; color: rgb(0, 0, 0);\">Nicolas Lavagnino (MINCYT-CONICET-UBA)<\/p>&nbsp;<p style=\"font-size: 1.2em; font-family: Helvetica;\"><a href=\"http:\/\/encuentro-ficcion.com.ar\/2023\/wp-content\/uploads\/2023\/11\/Martinez-Mayer-Ponencia-Ficciones-2023.pdf\">De mares y palabras: Aportes cr\u00edticos y ret\u00f3ricos para repensar la racionalidad en el marco de los desacuerdos profundos.<\/a><\/p><p style=\"font-size: 1em; font-family: Helvetica;color: rgb(0, 0, 0);\">Luc\u00eda Mart\u00ednez Mayer (UBA)<\/p>&nbsp;<\/div><div style=\" font-style: normal; font-variant-ligatures: normal; font-variant-caps: normal; font-weight: 400; font-size: 17.3333px; font-family: Roboto;\"><p style=\"font-size: 1.2em; font-family: Helvetica;\"><a href=\"http:\/\/encuentro-ficcion.com.ar\/2023\/wp-content\/uploads\/2023\/11\/MELO-FICCIONES-V-2023.pdf\">Conocimiento, Reconocimiento y Valores: Responsabilidad y Cuidado<\/a><\/p><p style=\"font-size: 1em; font-family: Helvetica;color: rgb(0, 0, 0);\">Mercedes Melo (UNCo)<\/p><p>&nbsp;<\/p><p style=\"font-size: 1.2em; font-family: Helvetica;\"><a href=\"http:\/\/encuentro-ficcion.com.ar\/2023\/wp-content\/uploads\/2023\/11\/Mendl-Ficciones-V-Afectividad-e-intersubjetividad-un-analisis-fenomenologico-de-las-emociones-compartidas.pdf\">Afectividad e intersubjetividad: un an\u00e1lisis fenomenol\u00f3gico de las emociones compartidas.<\/a><\/p><p style=\"font-size: 1em; font-family: Helvetica;color: rgb(0, 0, 0);\">Sebasti\u00e1n Mendl (UBA-CONICET-UNCO)&nbsp;<\/p>&nbsp;<p style=\"font-size: 1.2em; font-family: Helvetica;\"><a href=\"http:\/\/encuentro-ficcion.com.ar\/2023\/wp-content\/uploads\/2023\/11\/Molina-Ahumada-Ernesto-Pablo-Ponencia.pdf\">Pasear y jugar. Met\u00e1foras de ciudad en tres videojuegos urbanos: Grand Theft Auto V, Watch_Dogs y Detroit: Become Human.<\/a><\/p><p style=\"font-size: 1em; font-family: Helvetica;color: rgb(0, 0, 0);\">E. Pablo Molina Ahumada (UNC)<\/p>&nbsp;<\/div><div style=\"font-style: normal; font-variant-ligatures: normal; font-variant-caps: normal; font-weight: 400; font-size: 17.3333px; font-family: Roboto;\"><a href=\"http:\/\/encuentro-ficcion.com.ar\/2023\/wp-content\/uploads\/2023\/11\/Murad-Omar_El-cine-como-sistema-de-modelizacion.pdf\"><span style=\"font-size: 1.25em; font-family: Helvetica;\">El cine como sistema de modelizaci\u00f3n.<\/span><\/a><p style=\"font-size: 1em; font-family: Helvetica;color: rgb(0, 0, 0);\">Omar Murad (UNMDP)<\/p>&nbsp;<\/div><div style=\" font-style: normal; font-variant-ligatures: normal; font-variant-caps: normal; font-weight: 400; font-size: 17.3333px; font-family: Roboto;\"><p style=\"font-size: 1.2em; font-family: Helvetica;\"><a href=\"http:\/\/encuentro-ficcion.com.ar\/2023\/wp-content\/uploads\/2023\/11\/Pacheco-Busch-Fantasmas-de-la-persecucion-Narracion-y-dictadura-en-Materiales-para-una-pesadilla-de-Juan-Mattio.pdf\">Fantasmas de la persecuci\u00f3n: Narraci\u00f3n y dictadura en Materiales para una pesadilla de Juan Mattio<\/a><\/p><p style=\"font-size: 1em; font-family: Helvetica;color: rgb(0, 0, 0);\">Mariano Gabriel Pacheco Busch (UNMdP)<\/p>&nbsp;<\/div><div style=\"font-style: normal; font-variant-ligatures: normal; font-variant-caps: normal; font-weight: 400; font-size: 17.3333px; font-family: Roboto;\"><p style=\"font-size: 1.2em; font-family: Helvetica;\"><a href=\"http:\/\/encuentro-ficcion.com.ar\/2023\/wp-content\/uploads\/2023\/11\/Palaci.-El-funcionamiento-del-simbolo-en-el-contexto-argentino-actual.pdf\">El funcionamiento del s\u00edmbolo en el contexto argentino actual. Una lectura desde la teor\u00eda semi\u00f3tica de Yuri Lotman y Roy Harris.<\/a><\/p><p style=\"font-size: 1em; font-family: Helvetica;color: rgb(0, 0, 0);\">Luc\u00eda Palac\u00ed (UBA)<\/p><p>&nbsp;<\/p><p style=\"font-size: 1.2em; font-family: Helvetica;\"><a href=\"http:\/\/encuentro-ficcion.com.ar\/2023\/wp-content\/uploads\/2023\/11\/Rava-Ponencia-Ficciones-V-2023-El-rol-de-la-metafora-conceptual-en-la-cognicion.pdf\">El rol de la met\u00e1fora conceptual en la cognici\u00f3n: creatividad y construcci\u00f3n de sentidos desde una perspectiva experiencialista.<\/a><\/p><p style=\"font-size: 1em; font-family: Helvetica;color: rgb(0, 0, 0);\">Howen Rava (UNCo)<\/p><p>&nbsp;<\/p><p style=\"font-size: 1.2em; font-family: Helvetica;\"><a href=\"http:\/\/encuentro-ficcion.com.ar\/2023\/wp-content\/uploads\/2023\/11\/Sabio-Ponencia-Ficciones-2023.pdf\">La irrupci\u00f3n del argumento, el argumento de la irrupci\u00f3n. Ret\u00f3rica y epistemolog\u00eda en tres perspectivas sobre la met\u00e1fora.<\/a><\/p><p style=\"font-size: 1em; font-family: Helvetica;color: rgb(0, 0, 0);\">Tom\u00e1s Sabio (UBA)<\/p><p>&nbsp;<\/p><p style=\"font-size: 1.2em; font-family: Helvetica;\"><a href=\"http:\/\/encuentro-ficcion.com.ar\/2023\/wp-content\/uploads\/2023\/11\/Salas.-Disparando-a-los-relojes.pdf\">Disparando a los relojes: una promesa revolucionaria de Benjamin y Foucault<\/a><\/p><p style=\"font-size: 1em; font-family: Helvetica;color: rgb(0, 0, 0);\">Sofia Salas (UNMDP)<\/p><p>&nbsp;<\/p><p style=\"font-size: 1.2em; font-family: Helvetica;\"><a href=\"http:\/\/encuentro-ficcion.com.ar\/2023\/wp-content\/uploads\/2023\/11\/Salustro-Ponencia-Ficciones-2023.pdf\">La paradoja del arte. Un acto hist\u00f3rico constructor y destructor de sentido.<\/a><\/p><p style=\"font-size: 1em; font-family: Helvetica;color: rgb(0, 0, 0);\">Ornella Salustro (UBA)<\/p><p>&nbsp;<\/p><p style=\"font-size: 1.2em; font-family: Helvetica;color: rgb(0, 0, 0);\"><a href=\"http:\/\/encuentro-ficcion.com.ar\/2023\/wp-content\/uploads\/2023\/11\/Scheck-Ponencia-V-Encuentro-Ficciones-2023-definitiva.pdf\">Literalidad y ficcionalidad del objeto verbal est\u00e9tico: cu\u00e1ndo hay obras y c\u00f3mo obran en nosotros.<\/a><\/p><p style=\"font-size: 1em; font-family: Helvetica;color: rgb(0, 0, 0);\">Daniel Omar Scheck (IPEHCS-UNCo)<\/p><p>&nbsp;<\/p><p style=\"font-size: 1.2em; font-family: Helvetica;\"><a href=\"http:\/\/encuentro-ficcion.com.ar\/2023\/wp-content\/uploads\/2023\/11\/Somers-Ponencia-Ficciones-2023.pdf\">La mirada <i>torcida<\/i> del chisme sobre las met\u00e1foras hidr\u00e1ulicas del conocimiento.<\/a><\/p><p style=\"font-size: 1em; font-family: Helvetica;color: rgb(0, 0, 0);\">Mar\u00eda Eugenia Somers (UBA- CONICET)<\/p><\/div>\r\n\r\n\r\n\r\n\r\n\r\n","protected":false},"excerpt":{"rendered":"","protected":false},"author":1,"featured_media":0,"parent":0,"menu_order":0,"comment_status":"closed","ping_status":"closed","template":"","meta":{"footnotes":""},"_links":{"self":[{"href":"http:\/\/encuentro-ficcion.com.ar\/2023\/index.php?rest_route=\/wp\/v2\/pages\/35"}],"collection":[{"href":"http:\/\/encuentro-ficcion.com.ar\/2023\/index.php?rest_route=\/wp\/v2\/pages"}],"about":[{"href":"http:\/\/encuentro-ficcion.com.ar\/2023\/index.php?rest_route=\/wp\/v2\/types\/page"}],"author":[{"embeddable":true,"href":"http:\/\/encuentro-ficcion.com.ar\/2023\/index.php?rest_route=\/wp\/v2\/users\/1"}],"replies":[{"embeddable":true,"href":"http:\/\/encuentro-ficcion.com.ar\/2023\/index.php?rest_route=%2Fwp%2Fv2%2Fcomments&post=35"}],"version-history":[{"count":20,"href":"http:\/\/encuentro-ficcion.com.ar\/2023\/index.php?rest_route=\/wp\/v2\/pages\/35\/revisions"}],"predecessor-version":[{"id":727,"href":"http:\/\/encuentro-ficcion.com.ar\/2023\/index.php?rest_route=\/wp\/v2\/pages\/35\/revisions\/727"}],"wp:attachment":[{"href":"http:\/\/encuentro-ficcion.com.ar\/2023\/index.php?rest_route=%2Fwp%2Fv2%2Fmedia&parent=35"}],"curies":[{"name":"wp","href":"https:\/\/api.w.org\/{rel}","templated":true}]}}